{"id":1338,"date":"2020-10-05T10:16:16","date_gmt":"2020-10-05T14:16:16","guid":{"rendered":"https:\/\/areaxo.wpengine.com\/defence-and-security\/"},"modified":"2025-07-04T10:30:05","modified_gmt":"2025-07-04T14:30:05","slug":"defense-et-securite","status":"publish","type":"page","link":"https:\/\/areaxo.com\/fr\/defense-et-securite\/","title":{"rendered":"D\u00e9fense et s\u00e9curit\u00e9"},"content":{"rendered":"","protected":false},"excerpt":{"rendered":"<p> [&#8230;]<\/p>\n<p><a class=\"btn btn-secondary understrap-read-more-link\" href=\"https:\/\/areaxo.com\/fr\/defense-et-securite\/\">Lire la suite\u2026<span class=\"screen-reader-text\"> from D\u00e9fense et s\u00e9curit\u00e9<\/span><\/a><\/p>\n","protected":false},"author":1,"featured_media":0,"parent":0,"menu_order":0,"comment_status":"closed","ping_status":"closed","template":"page-templates\/flexible-content.php","meta":{"_acf_changed":false,"footnotes":""},"class_list":["post-1338","page","type-page","status-publish","hentry"],"acf":[],"yoast_head":"<!-- This site is optimized with the Yoast SEO plugin v27.3 - https:\/\/yoast.com\/product\/yoast-seo-wordpress\/ -->\n<title>D\u00e9fense et s\u00e9curit\u00e9 - Zone X.O<\/title>\n<meta name=\"description\" content=\"Zone X.O est le partenaire de choix pour les chefs de file mondiaux du domaine de la d\u00e9fense et de la s\u00e9curit\u00e9. Communiquez avec nous pour savoir comment mettre \u00e0 profit notre terrain de jeu mondial d\u2019innovation.\" \/>\n<meta name=\"robots\" content=\"index, follow, max-snippet:-1, max-image-preview:large, max-video-preview:-1\" \/>\n<link rel=\"canonical\" href=\"https:\/\/areaxo.com\/fr\/defense-et-securite\/\" \/>\n<meta property=\"og:locale\" content=\"fr_FR\" \/>\n<meta property=\"og:type\" content=\"article\" \/>\n<meta property=\"og:title\" content=\"D\u00e9fense et s\u00e9curit\u00e9 - Zone X.O\" \/>\n<meta property=\"og:description\" content=\"Zone X.O est le partenaire de choix pour les chefs de file mondiaux du domaine de la d\u00e9fense et de la s\u00e9curit\u00e9. Communiquez avec nous pour savoir comment mettre \u00e0 profit notre terrain de jeu mondial d\u2019innovation.\" \/>\n<meta property=\"og:url\" content=\"https:\/\/areaxo.com\/fr\/defense-et-securite\/\" \/>\n<meta property=\"og:site_name\" content=\"Area X.O\" \/>\n<meta property=\"article:modified_time\" content=\"2025-07-04T14:30:05+00:00\" \/>\n<meta name=\"twitter:card\" content=\"summary_large_image\" \/>\n<script type=\"application\/ld+json\" class=\"yoast-schema-graph\">{\"@context\":\"https:\\\/\\\/schema.org\",\"@graph\":[{\"@type\":\"WebPage\",\"@id\":\"https:\\\/\\\/areaxo.com\\\/fr\\\/defense-et-securite\\\/\",\"url\":\"https:\\\/\\\/areaxo.com\\\/fr\\\/defense-et-securite\\\/\",\"name\":\"D\u00e9fense et s\u00e9curit\u00e9 - Zone X.O\",\"isPartOf\":{\"@id\":\"https:\\\/\\\/areaxo.com\\\/fr\\\/#website\"},\"datePublished\":\"2020-10-05T14:16:16+00:00\",\"dateModified\":\"2025-07-04T14:30:05+00:00\",\"description\":\"Zone X.O est le partenaire de choix pour les chefs de file mondiaux du domaine de la d\u00e9fense et de la s\u00e9curit\u00e9. Communiquez avec nous pour savoir comment mettre \u00e0 profit notre terrain de jeu mondial d\u2019innovation.\",\"breadcrumb\":{\"@id\":\"https:\\\/\\\/areaxo.com\\\/fr\\\/defense-et-securite\\\/#breadcrumb\"},\"inLanguage\":\"fr-FR\",\"potentialAction\":[{\"@type\":\"ReadAction\",\"target\":[\"https:\\\/\\\/areaxo.com\\\/fr\\\/defense-et-securite\\\/\"]}]},{\"@type\":\"BreadcrumbList\",\"@id\":\"https:\\\/\\\/areaxo.com\\\/fr\\\/defense-et-securite\\\/#breadcrumb\",\"itemListElement\":[{\"@type\":\"ListItem\",\"position\":1,\"name\":\"Home\",\"item\":\"https:\\\/\\\/areaxo.com\\\/fr\\\/\"},{\"@type\":\"ListItem\",\"position\":2,\"name\":\"D\u00e9fense et s\u00e9curit\u00e9\"}]},{\"@type\":\"WebSite\",\"@id\":\"https:\\\/\\\/areaxo.com\\\/fr\\\/#website\",\"url\":\"https:\\\/\\\/areaxo.com\\\/fr\\\/\",\"name\":\"Area X.O\",\"description\":\"Drive the Future\",\"publisher\":{\"@id\":\"https:\\\/\\\/areaxo.com\\\/fr\\\/#organization\"},\"potentialAction\":[{\"@type\":\"SearchAction\",\"target\":{\"@type\":\"EntryPoint\",\"urlTemplate\":\"https:\\\/\\\/areaxo.com\\\/fr\\\/?s={search_term_string}\"},\"query-input\":{\"@type\":\"PropertyValueSpecification\",\"valueRequired\":true,\"valueName\":\"search_term_string\"}}],\"inLanguage\":\"fr-FR\"},{\"@type\":\"Organization\",\"@id\":\"https:\\\/\\\/areaxo.com\\\/fr\\\/#organization\",\"name\":\"Area X.O\",\"url\":\"https:\\\/\\\/areaxo.com\\\/fr\\\/\",\"logo\":{\"@type\":\"ImageObject\",\"inLanguage\":\"fr-FR\",\"@id\":\"https:\\\/\\\/areaxo.com\\\/fr\\\/#\\\/schema\\\/logo\\\/image\\\/\",\"url\":\"https:\\\/\\\/areaxo.com\\\/wp-content\\\/uploads\\\/2020\\\/06\\\/areaxo-logo-1.png\",\"contentUrl\":\"https:\\\/\\\/areaxo.com\\\/wp-content\\\/uploads\\\/2020\\\/06\\\/areaxo-logo-1.png\",\"width\":147,\"height\":29,\"caption\":\"Area X.O\"},\"image\":{\"@id\":\"https:\\\/\\\/areaxo.com\\\/fr\\\/#\\\/schema\\\/logo\\\/image\\\/\"}}]}<\/script>\n<!-- \/ Yoast SEO plugin. -->","yoast_head_json":{"title":"D\u00e9fense et s\u00e9curit\u00e9 - Zone X.O","description":"Zone X.O est le partenaire de choix pour les chefs de file mondiaux du domaine de la d\u00e9fense et de la s\u00e9curit\u00e9. Communiquez avec nous pour savoir comment mettre \u00e0 profit notre terrain de jeu mondial d\u2019innovation.","robots":{"index":"index","follow":"follow","max-snippet":"max-snippet:-1","max-image-preview":"max-image-preview:large","max-video-preview":"max-video-preview:-1"},"canonical":"https:\/\/areaxo.com\/fr\/defense-et-securite\/","og_locale":"fr_FR","og_type":"article","og_title":"D\u00e9fense et s\u00e9curit\u00e9 - Zone X.O","og_description":"Zone X.O est le partenaire de choix pour les chefs de file mondiaux du domaine de la d\u00e9fense et de la s\u00e9curit\u00e9. Communiquez avec nous pour savoir comment mettre \u00e0 profit notre terrain de jeu mondial d\u2019innovation.","og_url":"https:\/\/areaxo.com\/fr\/defense-et-securite\/","og_site_name":"Area X.O","article_modified_time":"2025-07-04T14:30:05+00:00","twitter_card":"summary_large_image","schema":{"@context":"https:\/\/schema.org","@graph":[{"@type":"WebPage","@id":"https:\/\/areaxo.com\/fr\/defense-et-securite\/","url":"https:\/\/areaxo.com\/fr\/defense-et-securite\/","name":"D\u00e9fense et s\u00e9curit\u00e9 - Zone X.O","isPartOf":{"@id":"https:\/\/areaxo.com\/fr\/#website"},"datePublished":"2020-10-05T14:16:16+00:00","dateModified":"2025-07-04T14:30:05+00:00","description":"Zone X.O est le partenaire de choix pour les chefs de file mondiaux du domaine de la d\u00e9fense et de la s\u00e9curit\u00e9. Communiquez avec nous pour savoir comment mettre \u00e0 profit notre terrain de jeu mondial d\u2019innovation.","breadcrumb":{"@id":"https:\/\/areaxo.com\/fr\/defense-et-securite\/#breadcrumb"},"inLanguage":"fr-FR","potentialAction":[{"@type":"ReadAction","target":["https:\/\/areaxo.com\/fr\/defense-et-securite\/"]}]},{"@type":"BreadcrumbList","@id":"https:\/\/areaxo.com\/fr\/defense-et-securite\/#breadcrumb","itemListElement":[{"@type":"ListItem","position":1,"name":"Home","item":"https:\/\/areaxo.com\/fr\/"},{"@type":"ListItem","position":2,"name":"D\u00e9fense et s\u00e9curit\u00e9"}]},{"@type":"WebSite","@id":"https:\/\/areaxo.com\/fr\/#website","url":"https:\/\/areaxo.com\/fr\/","name":"Area X.O","description":"Drive the Future","publisher":{"@id":"https:\/\/areaxo.com\/fr\/#organization"},"potentialAction":[{"@type":"SearchAction","target":{"@type":"EntryPoint","urlTemplate":"https:\/\/areaxo.com\/fr\/?s={search_term_string}"},"query-input":{"@type":"PropertyValueSpecification","valueRequired":true,"valueName":"search_term_string"}}],"inLanguage":"fr-FR"},{"@type":"Organization","@id":"https:\/\/areaxo.com\/fr\/#organization","name":"Area X.O","url":"https:\/\/areaxo.com\/fr\/","logo":{"@type":"ImageObject","inLanguage":"fr-FR","@id":"https:\/\/areaxo.com\/fr\/#\/schema\/logo\/image\/","url":"https:\/\/areaxo.com\/wp-content\/uploads\/2020\/06\/areaxo-logo-1.png","contentUrl":"https:\/\/areaxo.com\/wp-content\/uploads\/2020\/06\/areaxo-logo-1.png","width":147,"height":29,"caption":"Area X.O"},"image":{"@id":"https:\/\/areaxo.com\/fr\/#\/schema\/logo\/image\/"}}]}},"_links":{"self":[{"href":"https:\/\/areaxo.com\/fr\/wp-json\/wp\/v2\/pages\/1338","targetHints":{"allow":["GET"]}}],"collection":[{"href":"https:\/\/areaxo.com\/fr\/wp-json\/wp\/v2\/pages"}],"about":[{"href":"https:\/\/areaxo.com\/fr\/wp-json\/wp\/v2\/types\/page"}],"author":[{"embeddable":true,"href":"https:\/\/areaxo.com\/fr\/wp-json\/wp\/v2\/users\/1"}],"replies":[{"embeddable":true,"href":"https:\/\/areaxo.com\/fr\/wp-json\/wp\/v2\/comments?post=1338"}],"version-history":[{"count":0,"href":"https:\/\/areaxo.com\/fr\/wp-json\/wp\/v2\/pages\/1338\/revisions"}],"wp:attachment":[{"href":"https:\/\/areaxo.com\/fr\/wp-json\/wp\/v2\/media?parent=1338"}],"curies":[{"name":"wp","href":"https:\/\/api.w.org\/{rel}","templated":true}]}}